{"id":4846,"date":"2025-04-29T14:26:18","date_gmt":"2025-04-29T06:26:18","guid":{"rendered":"https:\/\/uniross.com\/product\/uniross-ni-mh-batterie-d-rechargeable-3000mah-pack-de-2\/"},"modified":"2025-04-29T14:26:18","modified_gmt":"2025-04-29T06:26:18","slug":"uniross-ni-mh-batterie-d-rechargeable-3000mah-pack-de-2","status":"publish","type":"product","link":"https:\/\/uniross.com\/fr\/produit\/uniross-ni-mh-batterie-d-rechargeable-3000mah-pack-de-2\/","title":{"rendered":"Uniross Ni-MH Batterie D rechargeable 3000mAh (Pack de 2)"},"content":{"rendered":"<p>La batterie D rechargeable Uniross Ni-MH 3000mAh est con\u00e7ue pour les appareils \u00e0 usage intensif n\u00e9cessitant une alimentation robuste et durable. Avec une capacit\u00e9 substantielle de 3000mAh, ces piles garantissent des performances fiables dans les applications \u00e0 forte consommation d&rsquo;\u00e9nergie. Respectueuses de l&rsquo;environnement et recyclables, elles constituent une solution \u00e9nerg\u00e9tique durable.  <\/p>\n","protected":false},"excerpt":{"rendered":"<p>La batterie D rechargeable Uniross Ni-MH 3000mAh est con\u00e7ue pour les appareils \u00e0 usage intensif n\u00e9cessitant une alimentation robuste et durable. Avec une capacit\u00e9 substantielle de 3000mAh, ces piles garantissent des performances fiables dans les applications \u00e0 forte consommation d&rsquo;\u00e9nergie. Respectueuses de l&rsquo;environnement et recyclables, elles constituent une solution \u00e9nerg\u00e9tique durable.<\/p>\n","protected":false},"featured_media":4857,"template":"","meta":[],"application":[],"product_brand":[],"product_cat":[1294,1760],"product_tag":[1225],"class_list":{"0":"post-4846","1":"product","2":"type-product","3":"status-publish","4":"has-post-thumbnail","6":"product_cat-batterie-rechargeable-nimh","7":"product_cat-piles-rechargeables","8":"product_tag-d","9":"pa_battery-type-hr20","10":"pa_shelf-life-5-ans","12":"first","13":"instock","14":"shipping-taxable","15":"purchasable","16":"product-type-simple"},"meta_box":{"image_advanced_d0knci360pw":[],"ak_name":[],"flashlight_show":"","light_mode":false,"featured_heading_1":"Pr\u00eat \u00e0 l'emploi et faible taux d'autod\u00e9charge","featured_heading_2":"Des performances sup\u00e9rieures","featured_heading_3":"\u00c9pargne","featured_description_1":"Pr\u00e9charg\u00e9s et capables de conserver 70% de leur charge m\u00eame apr\u00e8s 1 an.","featured_description_2":"Elles sont plus performantes que les piles alcalines car elles fournissent une tension constante pendant 80 % de leur cycle de d\u00e9charge.","featured_description_3":"\u00c9conomisez de l'argent et faites des choix \u00e9nerg\u00e9tiques plus intelligents avec les piles rechargeables Uniross. Rechargeables jusqu'\u00e0 500 fois, elles \u00e9liminent le besoin de piles jetables, ce qui permet de r\u00e9duire les co\u00fbts et les d\u00e9chets. Fiables, efficaces et respectueuses de l'environnement, elles constituent un investissement intelligent pour vous et pour la plan\u00e8te.  ","download_images":"","technical_datasheet":""},"_links":{"self":[{"href":"https:\/\/uniross.com\/fr\/wp-json\/wp\/v2\/product\/4846","targetHints":{"allow":["GET"]}}],"collection":[{"href":"https:\/\/uniross.com\/fr\/wp-json\/wp\/v2\/product"}],"about":[{"href":"https:\/\/uniross.com\/fr\/wp-json\/wp\/v2\/types\/product"}],"version-history":[{"count":0,"href":"https:\/\/uniross.com\/fr\/wp-json\/wp\/v2\/product\/4846\/revisions"}],"wp:featuredmedia":[{"embeddable":true,"href":"https:\/\/uniross.com\/fr\/wp-json\/wp\/v2\/media\/4857"}],"wp:attachment":[{"href":"https:\/\/uniross.com\/fr\/wp-json\/wp\/v2\/media?parent=4846"}],"wp:term":[{"taxonomy":"application","embeddable":true,"href":"https:\/\/uniross.com\/fr\/wp-json\/wp\/v2\/application?post=4846"},{"taxonomy":"product_brand","embeddable":true,"href":"https:\/\/uniross.com\/fr\/wp-json\/wp\/v2\/product_brand?post=4846"},{"taxonomy":"product_cat","embeddable":true,"href":"https:\/\/uniross.com\/fr\/wp-json\/wp\/v2\/product_cat?post=4846"},{"taxonomy":"product_tag","embeddable":true,"href":"https:\/\/uniross.com\/fr\/wp-json\/wp\/v2\/product_tag?post=4846"}],"curies":[{"name":"wp","href":"https:\/\/api.w.org\/{rel}","templated":true}]}}