{"id":4799,"date":"2025-04-29T14:26:31","date_gmt":"2025-04-29T06:26:31","guid":{"rendered":"https:\/\/uniross.com\/product\/lampe-frontale-uniross-prolite-superbright-150lm\/"},"modified":"2025-04-29T14:26:31","modified_gmt":"2025-04-29T06:26:31","slug":"lampe-frontale-uniross-prolite-superbright-150lm","status":"publish","type":"product","link":"https:\/\/uniross.com\/fr\/produit\/lampe-frontale-uniross-prolite-superbright-150lm\/","title":{"rendered":"Lampe frontale Uniross Prolite SuperBright &#8211; 150LM"},"content":{"rendered":"<p>La lampe frontale Uniross Prolite SuperBright d\u00e9livre jusqu&rsquo;\u00e0 150 lumens de luminosit\u00e9, avec une distance de faisceau de 35 m\u00e8tres. Elle offre deux modes d&rsquo;\u00e9clairage &#8211; haut et large &#8211; pour un \u00e9clairage personnalis\u00e9. Aliment\u00e9e par une batterie au lithium de 900mAh, cette lampe frontale fournit un \u00e9clairage constant et lumineux pour diverses t\u00e2ches. Sa construction durable, sa lentille incassable et son indice d&rsquo;\u00e9tanch\u00e9it\u00e9 IP44 la rendent adapt\u00e9e aux activit\u00e9s de plein air, tandis que le bandeau r\u00e9glable garantit un port confortable.   <\/p>\n","protected":false},"excerpt":{"rendered":"<p>La lampe frontale Uniross Prolite SuperBright d\u00e9livre jusqu&rsquo;\u00e0 150 lumens de luminosit\u00e9, avec une distance de faisceau de 35 m\u00e8tres. Elle offre deux modes d&rsquo;\u00e9clairage &#8211; haut et large &#8211; pour un \u00e9clairage personnalis\u00e9. Aliment\u00e9e par une batterie au lithium de 900mAh, cette lampe frontale fournit un \u00e9clairage constant et lumineux pour diverses t\u00e2ches. Sa [&hellip;]<\/p>\n","protected":false},"featured_media":4800,"template":"","meta":[],"application":[],"product_brand":[],"product_cat":[1312,1763],"product_tag":[1313],"class_list":{"0":"post-4799","1":"product","2":"type-product","3":"status-publish","4":"has-post-thumbnail","6":"product_cat-lampe-frontale","7":"product_cat-eclairage-portable","8":"product_tag-abandonne","10":"first","11":"instock","12":"shipping-taxable","13":"purchasable","14":"product-type-simple"},"meta_box":{"image_advanced_d0knci360pw":[],"ak_name":[],"flashlight_show":"","light_mode":false,"featured_heading_1":"","featured_heading_2":"","featured_heading_3":"","featured_description_1":"","featured_description_2":"","featured_description_3":"","download_images":"","technical_datasheet":""},"_links":{"self":[{"href":"https:\/\/uniross.com\/fr\/wp-json\/wp\/v2\/product\/4799","targetHints":{"allow":["GET"]}}],"collection":[{"href":"https:\/\/uniross.com\/fr\/wp-json\/wp\/v2\/product"}],"about":[{"href":"https:\/\/uniross.com\/fr\/wp-json\/wp\/v2\/types\/product"}],"version-history":[{"count":0,"href":"https:\/\/uniross.com\/fr\/wp-json\/wp\/v2\/product\/4799\/revisions"}],"wp:featuredmedia":[{"embeddable":true,"href":"https:\/\/uniross.com\/fr\/wp-json\/wp\/v2\/media\/4800"}],"wp:attachment":[{"href":"https:\/\/uniross.com\/fr\/wp-json\/wp\/v2\/media?parent=4799"}],"wp:term":[{"taxonomy":"application","embeddable":true,"href":"https:\/\/uniross.com\/fr\/wp-json\/wp\/v2\/application?post=4799"},{"taxonomy":"product_brand","embeddable":true,"href":"https:\/\/uniross.com\/fr\/wp-json\/wp\/v2\/product_brand?post=4799"},{"taxonomy":"product_cat","embeddable":true,"href":"https:\/\/uniross.com\/fr\/wp-json\/wp\/v2\/product_cat?post=4799"},{"taxonomy":"product_tag","embeddable":true,"href":"https:\/\/uniross.com\/fr\/wp-json\/wp\/v2\/product_tag?post=4799"}],"curies":[{"name":"wp","href":"https:\/\/api.w.org\/{rel}","templated":true}]}}