{"id":4759,"date":"2025-04-29T14:25:01","date_gmt":"2025-04-29T06:25:01","guid":{"rendered":"https:\/\/uniross.com\/product\/uniross-ni-mh-batterie-aa-rechargeable-600mah-pack-de-4\/"},"modified":"2025-04-29T14:25:01","modified_gmt":"2025-04-29T06:25:01","slug":"uniross-ni-mh-batterie-aa-rechargeable-600mah-pack-de-4","status":"publish","type":"product","link":"https:\/\/uniross.com\/fr\/produit\/uniross-ni-mh-batterie-aa-rechargeable-600mah-pack-de-4\/","title":{"rendered":"Uniross Ni-MH Batterie AA rechargeable 600mAh (Pack de 4)"},"content":{"rendered":"<p>Les piles Ni-MH AA rechargeables Uniross offrent une capacit\u00e9 de 600mAh, fournissant une \u00e9nergie fiable et constante \u00e0 vos appareils. Id\u00e9ales pour les lampes d&rsquo;int\u00e9rieur et d&rsquo;ext\u00e9rieur \u00e9quip\u00e9es de panneaux solaires, ainsi que pour les accessoires informatiques, ces piles offrent une solution d&rsquo;alimentation durable avec jusqu&rsquo;\u00e0 500 cycles de recharge. Con\u00e7ues pour des performances optimales avec un temps de charge rapide de 2,4 heures, ces piles sont parfaites pour ceux qui cherchent \u00e0 r\u00e9duire les d\u00e9chets et \u00e0 maintenir une puissance constante pour leurs appareils.  <\/p>\n","protected":false},"excerpt":{"rendered":"<p>Les piles Ni-MH AA rechargeables Uniross offrent une capacit\u00e9 de 600mAh, fournissant une \u00e9nergie fiable et constante \u00e0 vos appareils. Id\u00e9ales pour les lampes d&rsquo;int\u00e9rieur et d&rsquo;ext\u00e9rieur \u00e9quip\u00e9es de panneaux solaires, ainsi que pour les accessoires informatiques, ces piles offrent une solution d&rsquo;alimentation durable avec jusqu&rsquo;\u00e0 500 cycles de recharge. Con\u00e7ues pour des performances optimales [&hellip;]<\/p>\n","protected":false},"featured_media":4771,"template":"","meta":[],"application":[],"product_brand":[],"product_cat":[1760,1294],"product_tag":[1213],"class_list":{"0":"post-4759","1":"product","2":"type-product","3":"status-publish","4":"has-post-thumbnail","6":"product_cat-piles-rechargeables","7":"product_cat-batterie-rechargeable-nimh","8":"product_tag-nouveaux-lancements","9":"pa_max-dimensions-mm-145-d-x-505-h-mm-100","10":"pa_nominal-capacity-mah-600-mah","11":"pa_shelf-life--1000-cycles","12":"pa_standard-charge-16-heures","13":"pa_standard-charge-50ma-01c","14":"pa_trickle-charge-0-02c-0-05c-temp-0-40","16":"first","17":"instock","18":"shipping-taxable","19":"purchasable","20":"product-type-simple"},"meta_box":{"image_advanced_d0knci360pw":[],"ak_name":[],"flashlight_show":"","light_mode":false,"featured_heading_1":"Faible taux d'autod\u00e9charge","featured_heading_2":"Des performances sup\u00e9rieures","featured_heading_3":"\u00c9pargne","featured_description_1":"Capables de conserver 70 % de leur charge m\u00eame apr\u00e8s un an.","featured_description_2":"Elles sont plus performantes que les piles alcalines car elles fournissent une tension constante pendant 80 % de leur cycle de d\u00e9charge.","featured_description_3":"\u00c9conomisez de l'argent et faites des choix \u00e9nerg\u00e9tiques plus intelligents avec les piles rechargeables Uniross. Rechargeables jusqu'\u00e0 500 fois, elles \u00e9liminent le besoin de piles jetables, ce qui permet de r\u00e9duire les co\u00fbts et les d\u00e9chets. Fiables, efficaces et respectueuses de l'environnement, elles constituent un investissement intelligent pour vous et pour la plan\u00e8te.  ","download_images":"","technical_datasheet":""},"_links":{"self":[{"href":"https:\/\/uniross.com\/fr\/wp-json\/wp\/v2\/product\/4759","targetHints":{"allow":["GET"]}}],"collection":[{"href":"https:\/\/uniross.com\/fr\/wp-json\/wp\/v2\/product"}],"about":[{"href":"https:\/\/uniross.com\/fr\/wp-json\/wp\/v2\/types\/product"}],"version-history":[{"count":0,"href":"https:\/\/uniross.com\/fr\/wp-json\/wp\/v2\/product\/4759\/revisions"}],"wp:featuredmedia":[{"embeddable":true,"href":"https:\/\/uniross.com\/fr\/wp-json\/wp\/v2\/media\/4771"}],"wp:attachment":[{"href":"https:\/\/uniross.com\/fr\/wp-json\/wp\/v2\/media?parent=4759"}],"wp:term":[{"taxonomy":"application","embeddable":true,"href":"https:\/\/uniross.com\/fr\/wp-json\/wp\/v2\/application?post=4759"},{"taxonomy":"product_brand","embeddable":true,"href":"https:\/\/uniross.com\/fr\/wp-json\/wp\/v2\/product_brand?post=4759"},{"taxonomy":"product_cat","embeddable":true,"href":"https:\/\/uniross.com\/fr\/wp-json\/wp\/v2\/product_cat?post=4759"},{"taxonomy":"product_tag","embeddable":true,"href":"https:\/\/uniross.com\/fr\/wp-json\/wp\/v2\/product_tag?post=4759"}],"curies":[{"name":"wp","href":"https:\/\/api.w.org\/{rel}","templated":true}]}}