{"id":4758,"date":"2025-04-29T14:23:49","date_gmt":"2025-04-29T06:23:49","guid":{"rendered":"https:\/\/uniross.com\/product\/uniross-ni-mh-batterie-aa-rechargeable-2100mah-lot-de-2\/"},"modified":"2025-04-29T14:23:49","modified_gmt":"2025-04-29T06:23:49","slug":"uniross-ni-mh-batterie-aa-rechargeable-2100mah-lot-de-2","status":"publish","type":"product","link":"https:\/\/uniross.com\/fr\/produit\/uniross-ni-mh-batterie-aa-rechargeable-2100mah-lot-de-2\/","title":{"rendered":"Uniross Ni-MH Batterie AA rechargeable 2100mAh (Lot de 2)"},"content":{"rendered":"<p>La pile AA rechargeable Uniross Ni-MH 2100mAh est con\u00e7ue pour les appareils \u00e0 forte consommation d&rsquo;\u00e9nergie qui ont besoin d&rsquo;une puissance soutenue. Avec une capacit\u00e9 de 2100mAh, ces piles garantissent une dur\u00e9e de fonctionnement plus longue et sont id\u00e9ales pour les gadgets exigeants. Respectueuses de l&rsquo;environnement et recyclables, elles offrent une solution \u00e9nerg\u00e9tique puissante et responsable.  <\/p>\n","protected":false},"excerpt":{"rendered":"<p>La pile AA rechargeable Uniross Ni-MH 2100mAh est con\u00e7ue pour les appareils \u00e0 forte consommation d&rsquo;\u00e9nergie qui ont besoin d&rsquo;une puissance soutenue. Avec une capacit\u00e9 de 2100mAh, ces piles garantissent une dur\u00e9e de fonctionnement plus longue et sont id\u00e9ales pour les gadgets exigeants. Respectueuses de l&rsquo;environnement et recyclables, elles offrent une solution \u00e9nerg\u00e9tique puissante et [&hellip;]<\/p>\n","protected":false},"featured_media":4765,"template":"","meta":[],"application":[],"product_brand":[],"product_cat":[1294,1760],"product_tag":[],"class_list":{"0":"post-4758","1":"product","2":"type-product","3":"status-publish","4":"has-post-thumbnail","6":"product_cat-batterie-rechargeable-nimh","7":"product_cat-piles-rechargeables","8":"pa_battery-type-hr6","9":"pa_shelf-life-5-ans","11":"first","12":"instock","13":"shipping-taxable","14":"purchasable","15":"product-type-simple"},"meta_box":{"image_advanced_d0knci360pw":[],"ak_name":[],"flashlight_show":"","light_mode":false,"featured_heading_1":"Pr\u00eat \u00e0 l'emploi et faible taux d'autod\u00e9charge","featured_heading_2":"Des performances sup\u00e9rieures","featured_heading_3":"\u00c9pargne","featured_description_1":"Pr\u00e9charg\u00e9s et capables de conserver 70% de leur charge m\u00eame apr\u00e8s 1 an.","featured_description_2":"Elles sont plus performantes que les piles alcalines car elles fournissent une tension constante pendant 80 % de leur cycle de d\u00e9charge.","featured_description_3":"\u00c9conomisez de l'argent et faites des choix \u00e9nerg\u00e9tiques plus intelligents avec les piles rechargeables Uniross. Rechargeables jusqu'\u00e0 500 fois, elles \u00e9liminent le besoin de piles jetables, ce qui permet de r\u00e9duire les co\u00fbts et les d\u00e9chets. Fiables, efficaces et respectueuses de l'environnement, elles constituent un investissement intelligent pour vous et pour la plan\u00e8te.  ","download_images":"","technical_datasheet":""},"_links":{"self":[{"href":"https:\/\/uniross.com\/fr\/wp-json\/wp\/v2\/product\/4758","targetHints":{"allow":["GET"]}}],"collection":[{"href":"https:\/\/uniross.com\/fr\/wp-json\/wp\/v2\/product"}],"about":[{"href":"https:\/\/uniross.com\/fr\/wp-json\/wp\/v2\/types\/product"}],"version-history":[{"count":0,"href":"https:\/\/uniross.com\/fr\/wp-json\/wp\/v2\/product\/4758\/revisions"}],"wp:featuredmedia":[{"embeddable":true,"href":"https:\/\/uniross.com\/fr\/wp-json\/wp\/v2\/media\/4765"}],"wp:attachment":[{"href":"https:\/\/uniross.com\/fr\/wp-json\/wp\/v2\/media?parent=4758"}],"wp:term":[{"taxonomy":"application","embeddable":true,"href":"https:\/\/uniross.com\/fr\/wp-json\/wp\/v2\/application?post=4758"},{"taxonomy":"product_brand","embeddable":true,"href":"https:\/\/uniross.com\/fr\/wp-json\/wp\/v2\/product_brand?post=4758"},{"taxonomy":"product_cat","embeddable":true,"href":"https:\/\/uniross.com\/fr\/wp-json\/wp\/v2\/product_cat?post=4758"},{"taxonomy":"product_tag","embeddable":true,"href":"https:\/\/uniross.com\/fr\/wp-json\/wp\/v2\/product_tag?post=4758"}],"curies":[{"name":"wp","href":"https:\/\/api.w.org\/{rel}","templated":true}]}}