{"id":4717,"date":"2025-04-29T14:23:08","date_gmt":"2025-04-29T06:23:08","guid":{"rendered":"https:\/\/uniross.com\/product\/uniross-ni-mh-batterie-rechargeable-9v-pack-de-1\/"},"modified":"2025-04-29T14:23:08","modified_gmt":"2025-04-29T06:23:08","slug":"uniross-ni-mh-batterie-rechargeable-9v-pack-de-1","status":"publish","type":"product","link":"https:\/\/uniross.com\/fr\/produit\/uniross-ni-mh-batterie-rechargeable-9v-pack-de-1\/","title":{"rendered":"Uniross Ni-MH Batterie rechargeable 9V (Pack de 1)"},"content":{"rendered":"<p>La batterie rechargeable Uniross Ni-MH 9V offre une grande capacit\u00e9 d&rsquo;alimentation pour les appareils de grande taille. Ces piles sont con\u00e7ues pour offrir des performances durables dans des applications exigeantes. Sans danger pour l&rsquo;environnement et recyclables, elles associent une \u00e9nergie puissante \u00e0 des pratiques durables.  <\/p>\n","protected":false},"excerpt":{"rendered":"<p>La batterie rechargeable Uniross Ni-MH 9V offre une grande capacit\u00e9 d&rsquo;alimentation pour les appareils de grande taille. Ces piles sont con\u00e7ues pour offrir des performances durables dans des applications exigeantes. Sans danger pour l&rsquo;environnement et recyclables, elles associent une \u00e9nergie puissante \u00e0 des pratiques durables.<\/p>\n","protected":false},"featured_media":4728,"template":"","meta":[],"application":[],"product_brand":[],"product_cat":[1294,1760],"product_tag":[1238],"class_list":{"0":"post-4717","1":"product","2":"type-product","3":"status-publish","4":"has-post-thumbnail","6":"product_cat-batterie-rechargeable-nimh","7":"product_cat-piles-rechargeables","8":"product_tag-piles-9v","9":"pa_fast-charge-190ma-1c","10":"pa_fast-charge-12-heure","11":"pa_shelf-life--500-cycles","12":"pa_standard-charge-19ma-01c","13":"pa_standard-charge-16-heures","15":"first","16":"instock","17":"shipping-taxable","18":"purchasable","19":"product-type-simple"},"meta_box":{"image_advanced_d0knci360pw":[],"ak_name":[],"flashlight_show":"","light_mode":false,"featured_heading_1":"Pr\u00eat \u00e0 l'emploi et faible taux d'autod\u00e9charge","featured_heading_2":"Des performances sup\u00e9rieures","featured_heading_3":"\u00c9pargne","featured_description_1":"Pr\u00e9charg\u00e9s et capables de conserver 70% de leur charge m\u00eame apr\u00e8s 1 an.","featured_description_2":"Elles sont plus performantes que les piles alcalines car elles fournissent une tension constante pendant 80 % de leur cycle de d\u00e9charge.","featured_description_3":"\u00c9conomisez de l'argent et faites des choix \u00e9nerg\u00e9tiques plus intelligents avec les piles rechargeables Uniross. Rechargeables jusqu'\u00e0 500 fois, elles \u00e9liminent le besoin de piles jetables, ce qui permet de r\u00e9duire les co\u00fbts et les d\u00e9chets. Fiables, efficaces et respectueuses de l'environnement, elles constituent un investissement intelligent pour vous et pour la plan\u00e8te.  ","download_images":"","technical_datasheet":""},"_links":{"self":[{"href":"https:\/\/uniross.com\/fr\/wp-json\/wp\/v2\/product\/4717","targetHints":{"allow":["GET"]}}],"collection":[{"href":"https:\/\/uniross.com\/fr\/wp-json\/wp\/v2\/product"}],"about":[{"href":"https:\/\/uniross.com\/fr\/wp-json\/wp\/v2\/types\/product"}],"version-history":[{"count":0,"href":"https:\/\/uniross.com\/fr\/wp-json\/wp\/v2\/product\/4717\/revisions"}],"wp:featuredmedia":[{"embeddable":true,"href":"https:\/\/uniross.com\/fr\/wp-json\/wp\/v2\/media\/4728"}],"wp:attachment":[{"href":"https:\/\/uniross.com\/fr\/wp-json\/wp\/v2\/media?parent=4717"}],"wp:term":[{"taxonomy":"application","embeddable":true,"href":"https:\/\/uniross.com\/fr\/wp-json\/wp\/v2\/application?post=4717"},{"taxonomy":"product_brand","embeddable":true,"href":"https:\/\/uniross.com\/fr\/wp-json\/wp\/v2\/product_brand?post=4717"},{"taxonomy":"product_cat","embeddable":true,"href":"https:\/\/uniross.com\/fr\/wp-json\/wp\/v2\/product_cat?post=4717"},{"taxonomy":"product_tag","embeddable":true,"href":"https:\/\/uniross.com\/fr\/wp-json\/wp\/v2\/product_tag?post=4717"}],"curies":[{"name":"wp","href":"https:\/\/api.w.org\/{rel}","templated":true}]}}