{"id":4672,"date":"2025-04-29T14:22:29","date_gmt":"2025-04-29T06:22:29","guid":{"rendered":"https:\/\/uniross.com\/product\/uniross-pile-micro-alcaline-ualka235-paquet-de-5\/"},"modified":"2025-04-29T14:22:29","modified_gmt":"2025-04-29T06:22:29","slug":"uniross-pile-micro-alcaline-ualka235-paquet-de-5","status":"publish","type":"product","link":"https:\/\/uniross.com\/fr\/produit\/uniross-pile-micro-alcaline-ualka235-paquet-de-5\/","title":{"rendered":"Uniross Pile Micro-Alcaline UALKA235 (Paquet de 5)"},"content":{"rendered":"<p>La pile microalcaline Uniross UALKA235 constitue une source d&rsquo;alimentation fiable pour les petits appareils \u00e9lectroniques. Avec une plage de tension de 1,5V \u00e0 12V, elle convient aux syst\u00e8mes d&rsquo;entr\u00e9e sans cl\u00e9, aux t\u00e9l\u00e9commandes et \u00e0 d&rsquo;autres gadgets compacts. Sa petite taille et sa composition chimique fiable garantissent une alimentation r\u00e9guli\u00e8re, avec une dur\u00e9e de vie d\u00e9cente pour les appareils \u00e0 faible consommation.  <\/p>\n","protected":false},"excerpt":{"rendered":"<p>La pile microalcaline Uniross UALKA235 constitue une source d&rsquo;alimentation fiable pour les petits appareils \u00e9lectroniques. Avec une plage de tension de 1,5V \u00e0 12V, elle convient aux syst\u00e8mes d&rsquo;entr\u00e9e sans cl\u00e9, aux t\u00e9l\u00e9commandes et \u00e0 d&rsquo;autres gadgets compacts. Sa petite taille et sa composition chimique fiable garantissent une alimentation r\u00e9guli\u00e8re, avec une dur\u00e9e de vie [&hellip;]<\/p>\n","protected":false},"featured_media":4679,"template":"","meta":[],"application":[],"product_brand":[],"product_cat":[1255,1758,1759,1761],"product_tag":[],"class_list":{"0":"post-4672","1":"product","2":"type-product","3":"status-publish","4":"has-post-thumbnail","6":"product_cat-micro-alcaline","7":"product_cat-piles-primaires","8":"product_cat-a-usage-unique","9":"product_cat-piles-specialisees","10":"pa_battery-type-a23","11":"pa_shelf-life-5-ans","13":"first","14":"instock","15":"shipping-taxable","16":"purchasable","17":"product-type-simple"},"meta_box":{"image_advanced_d0knci360pw":[],"ak_name":[],"flashlight_show":"","light_mode":false,"featured_heading_1":"Haute tension","featured_heading_2":"Taille et forme","featured_heading_3":"Chimie et long\u00e9vit\u00e9","featured_description_1":"Convient aux petits appareils \u00e9lectroniques (1,5V \u00e0 12V), tels que les t\u00e9l\u00e9commandes, les syst\u00e8mes d'entr\u00e9e sans cl\u00e9, les ouvre-portes de garage et les petits gadgets.","featured_description_2":"Sa taille compacte lui permet de s'int\u00e9grer dans des appareils n\u00e9cessitant une petite source d'\u00e9nergie.","featured_description_3":"Offre une alimentation fiable et r\u00e9guli\u00e8re avec une dur\u00e9e de vie d\u00e9cente pour les appareils \u00e0 faible consommation, bien que la capacit\u00e9 soit inf\u00e9rieure \u00e0 celle des piles plus grandes.","download_images":"","technical_datasheet":""},"_links":{"self":[{"href":"https:\/\/uniross.com\/fr\/wp-json\/wp\/v2\/product\/4672","targetHints":{"allow":["GET"]}}],"collection":[{"href":"https:\/\/uniross.com\/fr\/wp-json\/wp\/v2\/product"}],"about":[{"href":"https:\/\/uniross.com\/fr\/wp-json\/wp\/v2\/types\/product"}],"version-history":[{"count":0,"href":"https:\/\/uniross.com\/fr\/wp-json\/wp\/v2\/product\/4672\/revisions"}],"wp:featuredmedia":[{"embeddable":true,"href":"https:\/\/uniross.com\/fr\/wp-json\/wp\/v2\/media\/4679"}],"wp:attachment":[{"href":"https:\/\/uniross.com\/fr\/wp-json\/wp\/v2\/media?parent=4672"}],"wp:term":[{"taxonomy":"application","embeddable":true,"href":"https:\/\/uniross.com\/fr\/wp-json\/wp\/v2\/application?post=4672"},{"taxonomy":"product_brand","embeddable":true,"href":"https:\/\/uniross.com\/fr\/wp-json\/wp\/v2\/product_brand?post=4672"},{"taxonomy":"product_cat","embeddable":true,"href":"https:\/\/uniross.com\/fr\/wp-json\/wp\/v2\/product_cat?post=4672"},{"taxonomy":"product_tag","embeddable":true,"href":"https:\/\/uniross.com\/fr\/wp-json\/wp\/v2\/product_tag?post=4672"}],"curies":[{"name":"wp","href":"https:\/\/api.w.org\/{rel}","templated":true}]}}