{"id":4544,"date":"2025-04-29T14:14:37","date_gmt":"2025-04-29T06:14:37","guid":{"rendered":"https:\/\/uniross.com\/product\/piles-alcalines-uniross-aaa-lr03-power-plus-pack-10\/"},"modified":"2025-04-29T14:14:37","modified_gmt":"2025-04-29T06:14:37","slug":"piles-alcalines-uniross-aaa-lr03-power-plus-pack-10","status":"publish","type":"product","link":"https:\/\/uniross.com\/fr\/produit\/piles-alcalines-uniross-aaa-lr03-power-plus-pack-10\/","title":{"rendered":"Piles alcalines Uniross AAA LR03 Power Plus (Pack 10)"},"content":{"rendered":"<p>Les piles alcalines AAA de la gamme Uniross Power Plus offrent des performances fiables, garantissant une puissance constante pour un fonctionnement ininterrompu de l&rsquo;appareil. Disponibles dans un emballage pratique de 10 pi\u00e8ces, elles offrent une longue dur\u00e9e de conservation (jusqu&rsquo;\u00e0 7 ans), pr\u00e9servant leur fra\u00eecheur et garantissant une source d&rsquo;alimentation fiable, m\u00eame en cas d&rsquo;utilisation peu fr\u00e9quente. Id\u00e9ales pour les appareils de tous les jours, ces piles r\u00e9sistantes et \u00e9tanches sont parfaites pour les applications de faible \u00e0 moyenne consommation, offrant une polyvalence pour une large gamme de gadgets domestiques courants.<\/p>\n","protected":false},"excerpt":{"rendered":"<p>Les piles alcalines AAA de la gamme Uniross Power Plus offrent des performances fiables, garantissant une puissance constante pour un fonctionnement ininterrompu de l&rsquo;appareil. Disponibles dans un emballage pratique de 10 pi\u00e8ces, elles offrent une longue dur\u00e9e de conservation (jusqu&rsquo;\u00e0 7 ans), pr\u00e9servant leur fra\u00eecheur et garantissant une source d&rsquo;alimentation fiable, m\u00eame en cas d&rsquo;utilisation [&hellip;]<\/p>\n","protected":false},"featured_media":4542,"template":"","meta":[],"application":[],"product_brand":[],"product_cat":[1212,1758,1759],"product_tag":[1213,1214],"class_list":{"0":"post-4544","1":"product","2":"type-product","3":"status-publish","4":"has-post-thumbnail","6":"product_cat-power-plus-alcaline","7":"product_cat-piles-primaires","8":"product_cat-a-usage-unique","9":"product_tag-nouveaux-lancements","10":"product_tag-piles-alcalines","11":"pa_battery-type-aaa-lr03","12":"pa_nominal-capacity-mah-1100-mah","13":"pa_shelf-life-7-ans","15":"first","16":"instock","17":"shipping-taxable","18":"purchasable","19":"product-type-simple"},"meta_box":{"image_advanced_d0knci360pw":[],"ak_name":[],"flashlight_show":"","light_mode":false,"featured_heading_1":"Des performances fiables","featured_heading_2":"Longue dur\u00e9e de conservation","featured_heading_3":"Pour les appareils de tous les jours","featured_description_1":"Assure une puissance de sortie constante pour une fonctionnalit\u00e9 ininterrompue de l'appareil.","featured_description_2":"Il conserve sa fra\u00eecheur jusqu'\u00e0 7 ans, garantissant une source d'\u00e9nergie fiable m\u00eame en cas d'utilisation peu fr\u00e9quente.","featured_description_3":"Id\u00e9al pour les applications de vidange basse \u00e0 moyenne, offrant une polyvalence pour une large gamme de gadgets m\u00e9nagers courants.","download_images":"","technical_datasheet":""},"_links":{"self":[{"href":"https:\/\/uniross.com\/fr\/wp-json\/wp\/v2\/product\/4544","targetHints":{"allow":["GET"]}}],"collection":[{"href":"https:\/\/uniross.com\/fr\/wp-json\/wp\/v2\/product"}],"about":[{"href":"https:\/\/uniross.com\/fr\/wp-json\/wp\/v2\/types\/product"}],"version-history":[{"count":0,"href":"https:\/\/uniross.com\/fr\/wp-json\/wp\/v2\/product\/4544\/revisions"}],"wp:featuredmedia":[{"embeddable":true,"href":"https:\/\/uniross.com\/fr\/wp-json\/wp\/v2\/media\/4542"}],"wp:attachment":[{"href":"https:\/\/uniross.com\/fr\/wp-json\/wp\/v2\/media?parent=4544"}],"wp:term":[{"taxonomy":"application","embeddable":true,"href":"https:\/\/uniross.com\/fr\/wp-json\/wp\/v2\/application?post=4544"},{"taxonomy":"product_brand","embeddable":true,"href":"https:\/\/uniross.com\/fr\/wp-json\/wp\/v2\/product_brand?post=4544"},{"taxonomy":"product_cat","embeddable":true,"href":"https:\/\/uniross.com\/fr\/wp-json\/wp\/v2\/product_cat?post=4544"},{"taxonomy":"product_tag","embeddable":true,"href":"https:\/\/uniross.com\/fr\/wp-json\/wp\/v2\/product_tag?post=4544"}],"curies":[{"name":"wp","href":"https:\/\/api.w.org\/{rel}","templated":true}]}}