{"id":4522,"date":"2026-02-11T13:16:07","date_gmt":"2026-02-11T05:16:07","guid":{"rendered":"https:\/\/uniross.com\/product\/piles-alcalines-uniross-aaa-power-plus-blister-2\/"},"modified":"2026-02-11T13:16:07","modified_gmt":"2026-02-11T05:16:07","slug":"piles-alcalines-uniross-aaa-power-plus-blister-2","status":"publish","type":"product","link":"https:\/\/uniross.com\/fr\/produit\/piles-alcalines-uniross-aaa-power-plus-blister-2\/","title":{"rendered":"Piles alcalines Uniross AAA Power Plus (Blister 2)"},"content":{"rendered":"<p><b data-path-to-node=\"6\" data-index-in-node=\"0\">Maximisez les marges de votre cat\u00e9gorie avec les piles alcalines AAA Uniross Power Plus.<\/b>  Con\u00e7u pour les environnements de vente au d\u00e9tail \u00e0 haut volume, ce paquet de deux unit\u00e9s pr\u00e9sente un emballage de premi\u00e8re qualit\u00e9, pr\u00eat \u00e0 \u00eatre mis en rayon, avec une dur\u00e9e de conservation de 7 ans. Id\u00e9ales pour les appareils de tous les jours, ces piles r\u00e9sistantes et \u00e9tanches sont parfaites pour les applications de faible \u00e0 moyenne consommation, offrant une polyvalence pour une large gamme de gadgets domestiques courants. L&rsquo;alternative \u00e9conomique id\u00e9ale aux grandes marques pour les supermarch\u00e9s, les magasins de proximit\u00e9 et les quincailleries.  <b data-path-to-node=\"6\" data-index-in-node=\"348\">Disponible pour les commandes en vrac et en gros.<\/b><\/p>\n","protected":false},"excerpt":{"rendered":"<p>Maximisez les marges de votre cat\u00e9gorie avec les piles alcalines AAA Uniross Power Plus. Con\u00e7u pour les environnements de vente au d\u00e9tail \u00e0 haut volume, ce paquet de deux unit\u00e9s pr\u00e9sente un emballage de premi\u00e8re qualit\u00e9, pr\u00eat \u00e0 \u00eatre mis en rayon, avec une dur\u00e9e de conservation de 7 ans. Id\u00e9ales pour les appareils de [&hellip;]<\/p>\n","protected":false},"featured_media":4517,"template":"","meta":[],"application":[],"product_brand":[],"product_cat":[1212,1758,1759],"product_tag":[1213,1214],"class_list":{"0":"post-4522","1":"product","2":"type-product","3":"status-publish","4":"has-post-thumbnail","6":"product_cat-power-plus-alcaline","7":"product_cat-piles-primaires","8":"product_cat-a-usage-unique","9":"product_tag-nouveaux-lancements","10":"product_tag-piles-alcalines","11":"pa_battery-type-aaa-lr03","12":"pa_nominal-capacity-mah-1100-mah","13":"pa_shelf-life-7-ans","15":"first","16":"instock","17":"shipping-taxable","18":"purchasable","19":"product-type-simple"},"meta_box":{"image_advanced_d0knci360pw":[],"ak_name":[],"flashlight_show":"","light_mode":false,"featured_heading_1":"Des performances fiables","featured_heading_2":"Longue dur\u00e9e de conservation","featured_heading_3":"Pour les appareils de tous les jours","featured_description_1":"Assure une puissance de sortie constante pour une fonctionnalit\u00e9 ininterrompue de l'appareil.","featured_description_2":"Il conserve sa fra\u00eecheur jusqu'\u00e0 7 ans, garantissant une source d'\u00e9nergie fiable m\u00eame en cas d'utilisation peu fr\u00e9quente.","featured_description_3":"Id\u00e9al pour les applications de vidange basse \u00e0 moyenne, offrant une polyvalence pour une large gamme de gadgets m\u00e9nagers courants.","download_images":"","technical_datasheet":""},"_links":{"self":[{"href":"https:\/\/uniross.com\/fr\/wp-json\/wp\/v2\/product\/4522","targetHints":{"allow":["GET"]}}],"collection":[{"href":"https:\/\/uniross.com\/fr\/wp-json\/wp\/v2\/product"}],"about":[{"href":"https:\/\/uniross.com\/fr\/wp-json\/wp\/v2\/types\/product"}],"version-history":[{"count":0,"href":"https:\/\/uniross.com\/fr\/wp-json\/wp\/v2\/product\/4522\/revisions"}],"wp:featuredmedia":[{"embeddable":true,"href":"https:\/\/uniross.com\/fr\/wp-json\/wp\/v2\/media\/4517"}],"wp:attachment":[{"href":"https:\/\/uniross.com\/fr\/wp-json\/wp\/v2\/media?parent=4522"}],"wp:term":[{"taxonomy":"application","embeddable":true,"href":"https:\/\/uniross.com\/fr\/wp-json\/wp\/v2\/application?post=4522"},{"taxonomy":"product_brand","embeddable":true,"href":"https:\/\/uniross.com\/fr\/wp-json\/wp\/v2\/product_brand?post=4522"},{"taxonomy":"product_cat","embeddable":true,"href":"https:\/\/uniross.com\/fr\/wp-json\/wp\/v2\/product_cat?post=4522"},{"taxonomy":"product_tag","embeddable":true,"href":"https:\/\/uniross.com\/fr\/wp-json\/wp\/v2\/product_tag?post=4522"}],"curies":[{"name":"wp","href":"https:\/\/api.w.org\/{rel}","templated":true}]}}