{"id":5428,"date":"2025-06-12T04:55:22","date_gmt":"2025-06-11T20:55:22","guid":{"rendered":"https:\/\/uniross.com\/informations-sur-lelimination-des-piles\/"},"modified":"2026-02-12T15:13:00","modified_gmt":"2026-02-12T07:13:00","slug":"informations-sur-lelimination-des-piles","status":"publish","type":"page","link":"https:\/\/uniross.com\/fr\/informations-sur-lelimination-des-piles\/","title":{"rendered":"Informations sur l&rsquo;\u00e9limination des piles"},"content":{"rendered":"\t\t<div data-elementor-type=\"wp-page\" data-elementor-id=\"5428\" class=\"elementor elementor-5428 elementor-1984\" data-elementor-post-type=\"page\">\n\t\t\t\t<div class=\"elementor-element elementor-element-565b7a9 section-l e-flex e-con-boxed e-con e-parent\" data-id=\"565b7a9\" data-element_type=\"container\" data-e-type=\"container\" data-settings=\"{&quot;background_background&quot;:&quot;classic&quot;}\">\n\t\t\t\t\t<div class=\"e-con-inner\">\n\t\t\t\t<div class=\"elementor-element elementor-element-2eeac68 elementor-widget elementor-widget-heading\" data-id=\"2eeac68\" data-element_type=\"widget\" data-e-type=\"widget\" data-widget_type=\"heading.default\">\n\t\t\t\t<div class=\"elementor-widget-container\">\n\t\t\t\t\t<h1 class=\"elementor-heading-title elementor-size-default\">Uniross &amp; Batribox<\/h1>\t\t\t\t<\/div>\n\t\t\t\t<\/div>\n\t\t\t\t<div class=\"elementor-element elementor-element-3828924 elementor-widget elementor-widget-heading\" data-id=\"3828924\" data-element_type=\"widget\" data-e-type=\"widget\" data-widget_type=\"heading.default\">\n\t\t\t\t<div class=\"elementor-widget-container\">\n\t\t\t\t\t<h2 class=\"elementor-heading-title elementor-size-default\">Un avenir plus vert \u00e0 l'avant-garde<\/h2>\t\t\t\t<\/div>\n\t\t\t\t<\/div>\n\t\t\t\t<div class=\"elementor-element elementor-element-0273e62 elementor-widget elementor-widget-text-editor\" data-id=\"0273e62\" data-element_type=\"widget\" data-e-type=\"widget\" data-widget_type=\"text-editor.default\">\n\t\t\t\t<div class=\"elementor-widget-container\">\n\t\t\t\t\t\t\t\t\t<p>Uniross et Batribox se sont associ\u00e9s pour s&rsquo;attaquer \u00e0 un probl\u00e8me environnemental crucial :&nbsp;l<strong>&lsquo;\u00e9limination des piles<\/strong>. Gr\u00e2ce \u00e0 ce partenariat puissant, ils visent non seulement \u00e0 r\u00e9duire les \u00e9missions nocives, mais aussi \u00e0 pr\u00e9server les pr\u00e9cieuses ressources naturelles et \u00e0 favoriser un avenir durable et respectueux de l&rsquo;environnement. Ensemble, Uniross et Batribox s&rsquo;engagent \u00e0 rendre le monde plus propre, une batterie recycl\u00e9e \u00e0 la fois.  <\/p>\t\t\t\t\t\t\t\t<\/div>\n\t\t\t\t<\/div>\n\t\t\t\t<div class=\"elementor-element elementor-element-e50639b elementor-widget elementor-widget-image\" data-id=\"e50639b\" data-element_type=\"widget\" data-e-type=\"widget\" data-widget_type=\"image.default\">\n\t\t\t\t<div class=\"elementor-widget-container\">\n\t\t\t\t\t\t\t\t\t\t\t\t\t\t\t<img fetchpriority=\"high\" decoding=\"async\" width=\"800\" height=\"449\" src=\"https:\/\/uniross.com\/wp-content\/uploads\/2025\/06\/uniross_collaboration_with_batribox-1024x575.webp\" class=\"attachment-large size-large wp-image-5431\" alt=\"\" srcset=\"https:\/\/uniross.com\/wp-content\/uploads\/2025\/06\/uniross_collaboration_with_batribox-1024x575.webp 1024w, https:\/\/uniross.com\/wp-content\/uploads\/2025\/06\/uniross_collaboration_with_batribox-300x169.webp 300w, https:\/\/uniross.com\/wp-content\/uploads\/2025\/06\/uniross_collaboration_with_batribox-768x431.webp 768w, https:\/\/uniross.com\/wp-content\/uploads\/2025\/06\/uniross_collaboration_with_batribox-600x337.webp 600w, https:\/\/uniross.com\/wp-content\/uploads\/2025\/06\/uniross_collaboration_with_batribox.webp 1070w\" sizes=\"(max-width: 800px) 100vw, 800px\" title=\"\">\t\t\t\t\t\t\t\t\t\t\t\t\t\t\t<\/div>\n\t\t\t\t<\/div>\n\t\t\t\t\t<\/div>\n\t\t\t\t<\/div>\n\t\t<div class=\"elementor-element elementor-element-d181a62 section-s e-flex e-con-boxed e-con e-parent\" data-id=\"d181a62\" data-element_type=\"container\" data-e-type=\"container\">\n\t\t\t\t\t<div class=\"e-con-inner\">\n\t\t<div class=\"elementor-element elementor-element-e84fb84 e-con-full e-flex e-con e-child\" data-id=\"e84fb84\" data-element_type=\"container\" data-e-type=\"container\">\n\t\t\t\t<div class=\"elementor-element elementor-element-2cbb2df elementor-widget elementor-widget-image\" data-id=\"2cbb2df\" data-element_type=\"widget\" data-e-type=\"widget\" data-widget_type=\"image.default\">\n\t\t\t\t<div class=\"elementor-widget-container\">\n\t\t\t\t\t\t\t\t\t\t\t\t\t\t\t<img decoding=\"async\" width=\"690\" height=\"388\" src=\"https:\/\/uniross.com\/wp-content\/uploads\/2025\/06\/Blue-and-Grey-World-Map-Chart-Presentation-2-1.webp\" class=\"attachment-large size-large wp-image-5429\" alt=\"\" srcset=\"https:\/\/uniross.com\/wp-content\/uploads\/2025\/06\/Blue-and-Grey-World-Map-Chart-Presentation-2-1.webp 690w, https:\/\/uniross.com\/wp-content\/uploads\/2025\/06\/Blue-and-Grey-World-Map-Chart-Presentation-2-1-300x169.webp 300w, https:\/\/uniross.com\/wp-content\/uploads\/2025\/06\/Blue-and-Grey-World-Map-Chart-Presentation-2-1-600x337.webp 600w\" sizes=\"(max-width: 690px) 100vw, 690px\" title=\"\">\t\t\t\t\t\t\t\t\t\t\t\t\t\t\t<\/div>\n\t\t\t\t<\/div>\n\t\t\t\t<\/div>\n\t\t<div class=\"elementor-element elementor-element-f2b99d4 e-con-full e-flex e-con e-child\" data-id=\"f2b99d4\" data-element_type=\"container\" data-e-type=\"container\">\n\t\t\t\t<div class=\"elementor-element elementor-element-ecfa166 elementor-widget elementor-widget-heading\" data-id=\"ecfa166\" data-element_type=\"widget\" data-e-type=\"widget\" data-widget_type=\"heading.default\">\n\t\t\t\t<div class=\"elementor-widget-container\">\n\t\t\t\t\t<h2 class=\"elementor-heading-title elementor-size-default\">Les avantages environnementaux du recyclage des piles<\/h2>\t\t\t\t<\/div>\n\t\t\t\t<\/div>\n\t\t\t\t<div class=\"elementor-element elementor-element-fc42767 elementor-widget elementor-widget-text-editor\" data-id=\"fc42767\" data-element_type=\"widget\" data-e-type=\"widget\" data-widget_type=\"text-editor.default\">\n\t\t\t\t<div class=\"elementor-widget-container\">\n\t\t\t\t\t\t\t\t\t<p>Le recyclage des piles pr\u00e9sente des avantages environnementaux consid\u00e9rables :<\/p><ul><li><strong>R\u00e9duction des \u00e9missions nocives :<\/strong> Le recyclage permet d&rsquo;\u00e9viter le rejet de produits chimiques toxiques et de gaz \u00e0 effet de serre (GES), prot\u00e9geant ainsi l&rsquo;air, le sol et l&rsquo;eau.<\/li><li><strong>Pr\u00e9servation des ressources naturelles :<\/strong> En r\u00e9cup\u00e9rant des mat\u00e9riaux pr\u00e9cieux comme le zinc, le lithium et le cobalt dans les piles usag\u00e9es, le recyclage r\u00e9duit la demande d&rsquo;extraction mini\u00e8re et de mati\u00e8res premi\u00e8res.<\/li><li><strong>\u00c9conomies d&rsquo;\u00e9nergie :<\/strong> Il faut beaucoup moins d&rsquo;\u00e9nergie pour recycler les piles que pour en produire de nouvelles \u00e0 partir de mati\u00e8res premi\u00e8res, ce qui permet de r\u00e9duire les \u00e9missions de carbone et la consommation d&rsquo;\u00e9nergie.<\/li><\/ul><p>Gr\u00e2ce \u00e0 des programmes innovants et \u00e0 une technologie de pointe, Uniross et Batribox facilitent plus que jamais le recyclage des piles et contribuent \u00e0 un avenir durable.<\/p>\t\t\t\t\t\t\t\t<\/div>\n\t\t\t\t<\/div>\n\t\t\t\t<\/div>\n\t\t\t\t\t<\/div>\n\t\t\t\t<\/div>\n\t\t<div class=\"elementor-element elementor-element-2eae806 section-s e-flex e-con-boxed e-con e-parent\" data-id=\"2eae806\" data-element_type=\"container\" data-e-type=\"container\">\n\t\t\t\t\t<div class=\"e-con-inner\">\n\t\t<div class=\"elementor-element elementor-element-563054f e-con-full e-flex e-con e-child\" data-id=\"563054f\" data-element_type=\"container\" data-e-type=\"container\">\n\t\t\t\t<div class=\"elementor-element elementor-element-acaceb6 elementor-widget elementor-widget-heading\" data-id=\"acaceb6\" data-element_type=\"widget\" data-e-type=\"widget\" data-widget_type=\"heading.default\">\n\t\t\t\t<div class=\"elementor-widget-container\">\n\t\t\t\t\t<h2 class=\"elementor-heading-title elementor-size-default\">Comment fonctionne le processus de recyclage des piles ?<\/h2>\t\t\t\t<\/div>\n\t\t\t\t<\/div>\n\t\t\t\t<div class=\"elementor-element elementor-element-5af1b6a elementor-widget elementor-widget-text-editor\" data-id=\"5af1b6a\" data-element_type=\"widget\" data-e-type=\"widget\" data-widget_type=\"text-editor.default\">\n\t\t\t\t<div class=\"elementor-widget-container\">\n\t\t\t\t\t\t\t\t\t<p>Le processus de recyclage des piles comprend plusieurs \u00e9tapes cl\u00e9s afin de garantir que les mat\u00e9riaux pr\u00e9cieux sont r\u00e9cup\u00e9r\u00e9s de mani\u00e8re efficace et s\u00fbre :<\/p><ol><li><strong>Collecte :<\/strong> Les consommateurs peuvent d\u00e9poser les piles usag\u00e9es dans les <a href=\"http:\/\/www.batribox.fr\/points-de-collecte\/\" target=\"_blank\" rel=\"noopener\">points de collecte Batribox<\/a> d\u00e9sign\u00e9s ou dans les bacs de recyclage.<\/li><li><strong>Le tri :<\/strong> Une fois collect\u00e9es, les piles sont tri\u00e9es en fonction de leur type et de leur composition chimique afin de garantir un traitement ad\u00e9quat.<\/li><li><strong>Traitement :<\/strong> Les piles tri\u00e9es sont soumises \u00e0 des processus sp\u00e9cialis\u00e9s afin d&rsquo;extraire en toute s\u00e9curit\u00e9 des mat\u00e9riaux tels que le plomb, le nickel et le lithium.<\/li><li><strong>R\u00e9utilisation :<\/strong> Les mat\u00e9riaux r\u00e9cup\u00e9r\u00e9s sont utilis\u00e9s pour fabriquer de nouveaux produits, ce qui r\u00e9duit le besoin de mat\u00e9riaux vierges et diminue encore l&rsquo;impact sur l&rsquo;environnement.<\/li><\/ol><p>Gr\u00e2ce \u00e0 ce cycle, les piles qui \u00e9taient auparavant des d\u00e9chets nocifs sont transform\u00e9es en ressources pr\u00e9cieuses pour de nouveaux produits, ce qui permet de minimiser les dommages environnementaux et de maximiser la durabilit\u00e9.<\/p>\t\t\t\t\t\t\t\t<\/div>\n\t\t\t\t<\/div>\n\t\t\t\t<\/div>\n\t\t<div class=\"elementor-element elementor-element-67a2bff e-con-full e-flex e-con e-child\" data-id=\"67a2bff\" data-element_type=\"container\" data-e-type=\"container\">\n\t\t\t\t<div class=\"elementor-element elementor-element-b57eb7a elementor-widget elementor-widget-video\" data-id=\"b57eb7a\" data-element_type=\"widget\" data-e-type=\"widget\" data-settings=\"{&quot;youtube_url&quot;:&quot;https:\\\/\\\/youtu.be\\\/lUT7evSCkNQ&quot;,&quot;video_type&quot;:&quot;youtube&quot;,&quot;controls&quot;:&quot;yes&quot;}\" data-widget_type=\"video.default\">\n\t\t\t\t<div class=\"elementor-widget-container\">\n\t\t\t\t\t\t\t<div class=\"elementor-wrapper elementor-open-inline\">\n\t\t\t<div class=\"elementor-video\"><\/div>\t\t<\/div>\n\t\t\t\t\t\t<\/div>\n\t\t\t\t<\/div>\n\t\t\t\t<\/div>\n\t\t\t\t\t<\/div>\n\t\t\t\t<\/div>\n\t\t<div class=\"elementor-element elementor-element-dc27d5a section-s e-flex e-con-boxed e-con e-parent\" data-id=\"dc27d5a\" data-element_type=\"container\" data-e-type=\"container\">\n\t\t\t\t\t<div class=\"e-con-inner\">\n\t\t<div class=\"elementor-element elementor-element-278e088 e-con-full e-flex e-con e-child\" data-id=\"278e088\" data-element_type=\"container\" data-e-type=\"container\">\n\t\t\t\t<div class=\"elementor-element elementor-element-df99144 elementor-widget elementor-widget-image\" data-id=\"df99144\" data-element_type=\"widget\" data-e-type=\"widget\" data-widget_type=\"image.default\">\n\t\t\t\t<div class=\"elementor-widget-container\">\n\t\t\t\t\t\t\t\t\t\t\t\t\t\t\t<img decoding=\"async\" width=\"690\" height=\"388\" src=\"https:\/\/uniross.com\/wp-content\/uploads\/2025\/06\/Blue-and-Grey-World-Map-Chart-Presentation-1-1.webp\" class=\"attachment-large size-large wp-image-5430\" alt=\"\" srcset=\"https:\/\/uniross.com\/wp-content\/uploads\/2025\/06\/Blue-and-Grey-World-Map-Chart-Presentation-1-1.webp 690w, https:\/\/uniross.com\/wp-content\/uploads\/2025\/06\/Blue-and-Grey-World-Map-Chart-Presentation-1-1-300x169.webp 300w, https:\/\/uniross.com\/wp-content\/uploads\/2025\/06\/Blue-and-Grey-World-Map-Chart-Presentation-1-1-600x337.webp 600w\" sizes=\"(max-width: 690px) 100vw, 690px\" title=\"\">\t\t\t\t\t\t\t\t\t\t\t\t\t\t\t<\/div>\n\t\t\t\t<\/div>\n\t\t\t\t<\/div>\n\t\t<div class=\"elementor-element elementor-element-d86e144 e-con-full e-flex e-con e-child\" data-id=\"d86e144\" data-element_type=\"container\" data-e-type=\"container\">\n\t\t\t\t<div class=\"elementor-element elementor-element-023f700 elementor-widget elementor-widget-heading\" data-id=\"023f700\" data-element_type=\"widget\" data-e-type=\"widget\" data-widget_type=\"heading.default\">\n\t\t\t\t<div class=\"elementor-widget-container\">\n\t\t\t\t\t<h2 class=\"elementor-heading-title elementor-size-default\">L'impact sur la vie r\u00e9elle : Pourquoi chaque batterie est importante<\/h2>\t\t\t\t<\/div>\n\t\t\t\t<\/div>\n\t\t\t\t<div class=\"elementor-element elementor-element-bb1af8c elementor-widget elementor-widget-text-editor\" data-id=\"bb1af8c\" data-element_type=\"widget\" data-e-type=\"widget\" data-widget_type=\"text-editor.default\">\n\t\t\t\t<div class=\"elementor-widget-container\">\n\t\t\t\t\t\t\t\t\t<p>Les effets positifs du recyclage des piles sont \u00e9tay\u00e9s par des donn\u00e9es solides :<\/p><ul><li><strong>Pr\u00e9venez les \u00e9missions de CO2 :<\/strong> Le recyclage d&rsquo;une seule tonne de piles permet d&rsquo;\u00e9viter le rejet de 8 tonnes de CO2 dans l&rsquo;atmosph\u00e8re.<\/li><li><strong>R\u00e9cup\u00e9ration des mat\u00e9riaux :<\/strong> Environ 70 % des mat\u00e9riaux de chaque pile recycl\u00e9e peuvent \u00eatre r\u00e9cup\u00e9r\u00e9s et r\u00e9utilis\u00e9s, ce qui r\u00e9duit le besoin de nouvelles mati\u00e8res premi\u00e8res.<\/li><\/ul><p>Chaque pile recycl\u00e9e fait une r\u00e9elle diff\u00e9rence dans la protection de l&rsquo;environnement et la conservation des ressources. <a href=\"https:\/\/www.batribox.fr\/eco-calculateur\/\" target=\"_blank\" rel=\"noopener\">Cliquez ici pour<\/a> en savoir plus. <\/p>\t\t\t\t\t\t\t\t<\/div>\n\t\t\t\t<\/div>\n\t\t\t\t<\/div>\n\t\t\t\t\t<\/div>\n\t\t\t\t<\/div>\n\t\t<div class=\"elementor-element elementor-element-fc3d6d8 section-xs e-flex e-con-boxed e-con e-parent\" data-id=\"fc3d6d8\" data-element_type=\"container\" data-e-type=\"container\">\n\t\t\t\t\t<div class=\"e-con-inner\">\n\t\t\t\t<div class=\"elementor-element elementor-element-f78203f elementor-widget elementor-widget-heading\" data-id=\"f78203f\" data-element_type=\"widget\" data-e-type=\"widget\" data-widget_type=\"heading.default\">\n\t\t\t\t<div class=\"elementor-widget-container\">\n\t\t\t\t\t<h2 class=\"elementor-heading-title elementor-size-default\">Comment pouvez-vous participer ?<\/h2>\t\t\t\t<\/div>\n\t\t\t\t<\/div>\n\t\t\t\t<div class=\"elementor-element elementor-element-86f6f2a elementor-widget elementor-widget-text-editor\" data-id=\"86f6f2a\" data-element_type=\"widget\" data-e-type=\"widget\" data-widget_type=\"text-editor.default\">\n\t\t\t\t<div class=\"elementor-widget-container\">\n\t\t\t\t\t\t\t\t\t<p>Participer au recyclage des piles est facile et a un impact. Voici comment vous pouvez contribuer : <\/p><ol><li><strong>Trouver des points de collecte :<br><\/strong>Utilisez le <a title=\"\" href=\"https:\/\/www.batribox.fr\/points-de-collecte\/\" data-bs-original-title=\"\" data-bs-original- target=\"_blank\" rel=\"noopener\">localisateur de d\u00e9p\u00f4t de Batribox<\/a> pour trouver le point de recyclage des piles le plus proche ou <a href=\"https:\/\/www.batribox.fr\/gerer-son-point-de-collecte\/demander-un-enlevement\/\" target=\"_blank\" rel=\"noopener\">demander qu&rsquo;un tel<\/a> point soit mis en place dans votre communaut\u00e9.<\/li><li><strong>Stockez les piles en toute s\u00e9curit\u00e9 :<br><\/strong>Conservez les piles usag\u00e9es dans un endroit frais et sec jusqu&rsquo;\u00e0 ce que vous soyez pr\u00eat \u00e0 les recycler.<\/li><li><strong>Recyclez de mani\u00e8re responsable :<br><\/strong>Apportez vos piles usag\u00e9es aux <a title=\"\" href=\"https:\/\/www.batribox.fr\/points-de-collecte\/\" target=\"_blank\" rel=\"noopener\" data-bs-original-title=\"\" data-bs-original->points de recyclage d\u00e9sign\u00e9s<\/a> et assurez-vous qu&rsquo;elles sont plac\u00e9es dans les bacs appropri\u00e9s afin de faciliter un recyclage s\u00fbr et efficace.<\/li><\/ol><p>Ensemble, nous pouvons avoir un impact significatif sur l&rsquo;environnement en recyclant nos piles de mani\u00e8re responsable.<\/p>\t\t\t\t\t\t\t\t<\/div>\n\t\t\t\t<\/div>\n\t\t\t\t\t<\/div>\n\t\t\t\t<\/div>\n\t\t\t\t<\/div>\n\t\t","protected":false},"excerpt":{"rendered":"<p>Uniross &amp; Batribox Un avenir plus vert \u00e0 l&rsquo;avant-garde Uniross et Batribox se sont associ\u00e9s pour s&rsquo;attaquer \u00e0 un probl\u00e8me environnemental crucial :&nbsp;l&lsquo;\u00e9limination des piles. Gr\u00e2ce \u00e0 ce partenariat puissant, ils visent non seulement \u00e0 r\u00e9duire les \u00e9missions nocives, mais aussi \u00e0 pr\u00e9server les pr\u00e9cieuses ressources naturelles et \u00e0 favoriser un avenir durable et respectueux [&hellip;]<\/p>\n","protected":false},"author":1,"featured_media":5432,"parent":0,"menu_order":0,"comment_status":"closed","ping_status":"closed","template":"","meta":{"footnotes":""},"class_list":["post-5428","page","type-page","status-publish","has-post-thumbnail","hentry"],"meta_box":[],"_links":{"self":[{"href":"https:\/\/uniross.com\/fr\/wp-json\/wp\/v2\/pages\/5428","targetHints":{"allow":["GET"]}}],"collection":[{"href":"https:\/\/uniross.com\/fr\/wp-json\/wp\/v2\/pages"}],"about":[{"href":"https:\/\/uniross.com\/fr\/wp-json\/wp\/v2\/types\/page"}],"author":[{"embeddable":true,"href":"https:\/\/uniross.com\/fr\/wp-json\/wp\/v2\/users\/1"}],"replies":[{"embeddable":true,"href":"https:\/\/uniross.com\/fr\/wp-json\/wp\/v2\/comments?post=5428"}],"version-history":[{"count":1,"href":"https:\/\/uniross.com\/fr\/wp-json\/wp\/v2\/pages\/5428\/revisions"}],"predecessor-version":[{"id":5433,"href":"https:\/\/uniross.com\/fr\/wp-json\/wp\/v2\/pages\/5428\/revisions\/5433"}],"wp:featuredmedia":[{"embeddable":true,"href":"https:\/\/uniross.com\/fr\/wp-json\/wp\/v2\/media\/5432"}],"wp:attachment":[{"href":"https:\/\/uniross.com\/fr\/wp-json\/wp\/v2\/media?parent=5428"}],"curies":[{"name":"wp","href":"https:\/\/api.w.org\/{rel}","templated":true}]}}