{"id":5409,"date":"2025-06-13T08:01:52","date_gmt":"2025-06-13T00:01:52","guid":{"rendered":"https:\/\/uniross.com\/conditions-dutilisation\/"},"modified":"2026-02-12T15:12:59","modified_gmt":"2026-02-12T07:12:59","slug":"conditions-dutilisation","status":"publish","type":"page","link":"https:\/\/uniross.com\/fr\/conditions-dutilisation\/","title":{"rendered":"Conditions d&rsquo;utilisation"},"content":{"rendered":"\n<h5 class=\"wp-block-heading\">VUE D&rsquo;ENSEMBLE<\/h5>\n\n<p>Ce site web est exploit\u00e9 par Uniross. Dans l&rsquo;ensemble du site, les termes \u00ab\u00a0nous\u00a0\u00bb, \u00ab\u00a0notre\u00a0\u00bb et \u00ab\u00a0nos\u00a0\u00bb font r\u00e9f\u00e9rence \u00e0 Uniross. Uniross propose ce site web, y compris toutes les informations, tous les outils et tous les services disponibles sur ce site pour vous, l&rsquo;utilisateur, \u00e0 condition que vous acceptiez tous les termes, conditions, politiques et avis \u00e9nonc\u00e9s ici.  <\/p>\n\n<p>En visitant notre site, en envoyant des devis, en fixant des rendez-vous ou en nous contactant par le biais de notre formulaire, vous vous engagez dans notre \u00ab\u00a0service\u00a0\u00bb et acceptez d&rsquo;\u00eatre li\u00e9 par les conditions g\u00e9n\u00e9rales suivantes (\u00ab\u00a0conditions de service\u00a0\u00bb ou \u00ab\u00a0conditions\u00a0\u00bb), y compris toutes les conditions g\u00e9n\u00e9rales et politiques suppl\u00e9mentaires r\u00e9f\u00e9renc\u00e9es ici et\/ou disponibles par hyperlien. Les pr\u00e9sentes conditions de service s&rsquo;appliquent \u00e0 tous les utilisateurs du site, y compris, mais sans s&rsquo;y limiter, les utilisateurs qui sont des navigateurs, des vendeurs, des clients potentiels, des commer\u00e7ants et\/ou des contributeurs de contenu. <\/p>\n\n<p>Veuillez lire attentivement les pr\u00e9sentes conditions d&rsquo;utilisation avant d&rsquo;acc\u00e9der \u00e0 notre site web ou de l&rsquo;utiliser. En acc\u00e9dant \u00e0 toute partie du site ou en l&rsquo;utilisant, vous acceptez d&rsquo;\u00eatre li\u00e9 par ces conditions d&rsquo;utilisation. Si vous n&rsquo;acceptez pas tous les termes et conditions de cet accord, vous ne pouvez pas acc\u00e9der au site web ou utiliser les services.  <\/p>\n\n<p>Toute nouvelle fonctionnalit\u00e9 ou tout nouvel outil ajout\u00e9 au site actuel sera \u00e9galement soumis aux conditions d&rsquo;utilisation. Vous pouvez consulter la version la plus r\u00e9cente des conditions d&rsquo;utilisation \u00e0 tout moment sur cette page. Nous nous r\u00e9servons le droit de mettre \u00e0 jour, de modifier ou de remplacer toute partie des pr\u00e9sentes conditions d&rsquo;utilisation en publiant des mises \u00e0 jour et\/ou des modifications sur notre site web. Il vous incombe de v\u00e9rifier r\u00e9guli\u00e8rement si des modifications ont \u00e9t\u00e9 apport\u00e9es \u00e0 cette page. Le fait de continuer \u00e0 utiliser le site web ou d&rsquo;y acc\u00e9der apr\u00e8s la publication de modifications constitue une acceptation de ces modifications.    <\/p>\n\n<h5 class=\"wp-block-heading\"><\/h5>\n\n<h5 class=\"wp-block-heading\">SECTION 1 &#8211; DEVIS, NOMINATIONS ET DEMANDES DE RENSEIGNEMENTS<\/h5>\n\n<p>Notre site web permet aux utilisateurs de soumettre des devis, de fixer des rendez-vous et de nous contacter par le biais du formulaire de contact. Ce faisant, vous d\u00e9clarez que les informations que vous fournissez sont exactes, compl\u00e8tes et \u00e0 jour. Vous ne pouvez pas utiliser le site web \u00e0 des fins ill\u00e9gales ou non autoris\u00e9es, ni violer les lois de votre juridiction (y compris, mais sans s&rsquo;y limiter, les lois sur les droits d&rsquo;auteur).  <\/p>\n\n<p>Toute infraction ou violation de l&rsquo;une des conditions entra\u00eenera la r\u00e9siliation imm\u00e9diate de votre acc\u00e8s \u00e0 nos services.<\/p>\n\n<h5 class=\"wp-block-heading\"><\/h5>\n\n<h5 class=\"wp-block-heading\">SECTION 2 &#8211; CONDITIONS G\u00c9N\u00c9RALES<\/h5>\n\n<p>Nous nous r\u00e9servons le droit de refuser un service \u00e0 quiconque pour quelque raison que ce soit et \u00e0 tout moment.<\/p>\n\n<p>Vous vous engagez \u00e0 ne pas reproduire, dupliquer, copier, vendre, revendre ou exploiter toute partie du service, l&rsquo;utilisation du service ou l&rsquo;acc\u00e8s au service sans notre autorisation \u00e9crite expresse.<\/p>\n\n<h5 class=\"wp-block-heading\">SECTION 3 &#8211; EXACTITUDE, EXHAUSTIVIT\u00c9 ET ACTUALIT\u00c9 DES INFORMATIONS<\/h5>\n\n<p>Nous ne sommes pas responsables si les informations mises \u00e0 disposition sur ce site ne sont pas exactes, compl\u00e8tes ou \u00e0 jour. Le contenu de ce site est fourni \u00e0 titre d&rsquo;information g\u00e9n\u00e9rale uniquement et ne doit pas servir de base unique \u00e0 la prise de d\u00e9cisions sans consulter des sources d&rsquo;information primaires, plus pr\u00e9cises ou plus opportunes. Toute confiance accord\u00e9e au contenu de ce site est \u00e0 vos risques et p\u00e9rils.  <\/p>\n\n<p>Nous nous r\u00e9servons le droit de modifier le contenu de ce site \u00e0 tout moment, mais nous n&rsquo;avons aucune obligation de mettre \u00e0 jour les informations figurant sur notre site. Vous acceptez qu&rsquo;il est de votre responsabilit\u00e9 de surveiller les modifications apport\u00e9es \u00e0 notre site. <\/p>\n\n<h5 class=\"wp-block-heading\">SECTION 4 &#8211; MODIFICATIONS DU SERVICE<\/h5>\n\n<p>Nous nous r\u00e9servons le droit de modifier ou d&rsquo;interrompre le service (ou toute partie ou contenu de celui-ci) sans pr\u00e9avis et \u00e0 tout moment. Nous ne serons pas responsables envers vous ou envers un tiers de la modification, de la suspension ou de l&rsquo;interruption du service. <\/p>\n\n<h5 class=\"wp-block-heading\">SECTION 5 &#8211; OUTILS OPTIONNELS<\/h5>\n\n<p>Nous pouvons vous donner acc\u00e8s \u00e0 des outils de tiers que nous ne surveillons pas et sur lesquels nous n&rsquo;avons aucun contr\u00f4le.<\/p>\n\n<p>Vous reconnaissez et acceptez que nous fournissons l&rsquo;acc\u00e8s \u00e0 ces outils \u00ab\u00a0en l&rsquo;\u00e9tat\u00a0\u00bb et \u00ab\u00a0tels que disponibles\u00a0\u00bb sans aucune garantie, repr\u00e9sentation ou condition de quelque nature que ce soit. Nous ne saurions \u00eatre tenus responsables de l&rsquo;utilisation que vous faites des outils optionnels de tiers. <\/p>\n\n<p>Toute utilisation par vous d&rsquo;outils optionnels propos\u00e9s sur le site se fait enti\u00e8rement \u00e0 vos risques et p\u00e9rils.<\/p>\n\n<h5 class=\"wp-block-heading\">SECTION 6 &#8211; LIENS AVEC DES TIERS<\/h5>\n\n<p>Certains contenus, produits et services disponibles via notre service peuvent inclure des \u00e9l\u00e9ments provenant de tiers.<\/p>\n\n<p>Les liens de tiers sur ce site peuvent vous diriger vers des sites web de tiers qui ne sont pas affili\u00e9s avec nous. Nous ne sommes pas responsables de l&rsquo;examen ou de l&rsquo;\u00e9valuation du contenu ou de l&rsquo;exactitude et nous n&rsquo;assumons aucune responsabilit\u00e9 \u00e0 l&rsquo;\u00e9gard du mat\u00e9riel ou des sites web de tiers. <\/p>\n\n<p>Nous ne sommes pas responsables des pr\u00e9judices ou dommages li\u00e9s \u00e0 l&rsquo;achat ou \u00e0 l&rsquo;utilisation de biens, de services, de ressources, de contenus ou de toute autre transaction effectu\u00e9e en relation avec des sites web de tiers.<\/p>\n\n<h5 class=\"wp-block-heading\">SECTION 7 &#8211; COMMENTAIRES DES UTILISATEURS, RETOUR D&rsquo;INFORMATION ET AUTRES SOUMISSIONS<\/h5>\n\n<p>Si vous envoyez des id\u00e9es cr\u00e9atives, des suggestions, des propositions ou d&rsquo;autres documents (collectivement, les \u00ab\u00a0commentaires\u00a0\u00bb), vous acceptez que nous puissions, \u00e0 tout moment, \u00e9diter, copier, publier, distribuer et utiliser de quelque mani\u00e8re que ce soit, sur quelque support que ce soit, les commentaires que vous nous transmettez. Nous n&rsquo;avons et n&rsquo;aurons aucune obligation de garder les commentaires confidentiels ou de verser une compensation pour les commentaires. <\/p>\n\n<p>Nous pouvons surveiller, \u00e9diter ou supprimer le contenu que nous jugeons ill\u00e9gal, offensant ou qui viole la propri\u00e9t\u00e9 intellectuelle d&rsquo;une partie ou les pr\u00e9sentes conditions de service.<\/p>\n\n<h5 class=\"wp-block-heading\">SECTION 8 &#8211; INFORMATIONS PERSONNELLES<\/h5>\n\n<p>La communication d&rsquo;informations personnelles par l&rsquo;interm\u00e9diaire du site web est r\u00e9gie par notre politique de protection de la vie priv\u00e9e. Pour consulter notre politique de protection de la vie priv\u00e9e, veuillez vous reporter au <a href=\"https:\/\/uniross.com\/uniross-privacy-policy\/\" data-type=\"page\" data-id=\"2054\" target=\"_blank\" rel=\"noreferrer noopener\">[lien vers la politique de protection de la vie priv\u00e9e]<\/a>. <\/p>\n\n<h5 class=\"wp-block-heading\">SECTION 9 &#8211; ERREURS, INEXACTITUDES ET OMISSIONS<\/h5>\n\n<p>Il peut arriver que notre site contienne des erreurs typographiques, des inexactitudes ou des omissions relatives \u00e0 la description des produits, aux promotions ou \u00e0 la disponibilit\u00e9. Nous nous r\u00e9servons le droit de corriger toute erreur et de mettre \u00e0 jour les informations ou d&rsquo;annuler les services si une information sur notre site est inexacte, et ce \u00e0 tout moment et sans pr\u00e9avis. <\/p>\n","protected":false},"excerpt":{"rendered":"<p>VUE D&rsquo;ENSEMBLE Ce site web est exploit\u00e9 par Uniross. Dans l&rsquo;ensemble du site, les termes \u00ab\u00a0nous\u00a0\u00bb, \u00ab\u00a0notre\u00a0\u00bb et \u00ab\u00a0nos\u00a0\u00bb font r\u00e9f\u00e9rence \u00e0 Uniross. Uniross propose ce site web, y compris toutes les informations, tous les outils et tous les services disponibles sur ce site pour vous, l&rsquo;utilisateur, \u00e0 condition que vous acceptiez tous les termes, [&hellip;]<\/p>\n","protected":false},"author":1,"featured_media":0,"parent":0,"menu_order":0,"comment_status":"closed","ping_status":"closed","template":"","meta":{"footnotes":""},"class_list":["post-5409","page","type-page","status-publish","hentry"],"meta_box":[],"_links":{"self":[{"href":"https:\/\/uniross.com\/fr\/wp-json\/wp\/v2\/pages\/5409","targetHints":{"allow":["GET"]}}],"collection":[{"href":"https:\/\/uniross.com\/fr\/wp-json\/wp\/v2\/pages"}],"about":[{"href":"https:\/\/uniross.com\/fr\/wp-json\/wp\/v2\/types\/page"}],"author":[{"embeddable":true,"href":"https:\/\/uniross.com\/fr\/wp-json\/wp\/v2\/users\/1"}],"replies":[{"embeddable":true,"href":"https:\/\/uniross.com\/fr\/wp-json\/wp\/v2\/comments?post=5409"}],"version-history":[{"count":1,"href":"https:\/\/uniross.com\/fr\/wp-json\/wp\/v2\/pages\/5409\/revisions"}],"predecessor-version":[{"id":5412,"href":"https:\/\/uniross.com\/fr\/wp-json\/wp\/v2\/pages\/5409\/revisions\/5412"}],"wp:attachment":[{"href":"https:\/\/uniross.com\/fr\/wp-json\/wp\/v2\/media?parent=5409"}],"curies":[{"name":"wp","href":"https:\/\/api.w.org\/{rel}","templated":true}]}}