{"id":5407,"date":"2025-06-13T07:54:03","date_gmt":"2025-06-12T23:54:03","guid":{"rendered":"https:\/\/uniross.com\/garantie-limitee\/"},"modified":"2026-02-12T15:12:59","modified_gmt":"2026-02-12T07:12:59","slug":"garantie-limitee","status":"publish","type":"page","link":"https:\/\/uniross.com\/fr\/garantie-limitee\/","title":{"rendered":"Garantie limit\u00e9e"},"content":{"rendered":"\n<p>UNIROSS ne vend pas directement aux consommateurs finaux. Nous distribuons nos produits par l&rsquo;interm\u00e9diaire de d\u00e9taillants et de distributeurs agr\u00e9\u00e9s. Pour obtenir un service sous garantie, les clients doivent contacter le lieu o\u00f9 le produit a \u00e9t\u00e9 achet\u00e9. Qu&rsquo;il s&rsquo;agisse d&rsquo;un magasin de d\u00e9tail, d&rsquo;une place de march\u00e9 en ligne ou d&rsquo;un autre vendeur autoris\u00e9, le point de vente d&rsquo;origine traitera les demandes de garantie et fournira l&rsquo;assistance n\u00e9cessaire.   <\/p>\n\n<ol class=\"wp-block-list\">\n<li><strong>Couverture de la garantie :<\/strong> <br\/>UNIROSS est fier de l&rsquo;attention m\u00e9ticuleuse qu&rsquo;il porte aux d\u00e9tails et de la haute qualit\u00e9 de ses produits et mat\u00e9riaux. Nous offrons une garantie limit\u00e9e du fabricant de 2 ans \u00e0 compter de la date d&rsquo;achat pour tous les produits UNIROSS. Cette garantie assure que votre produit est exempt de d\u00e9fauts de mat\u00e9riaux et de fabrication dans des conditions normales d&rsquo;utilisation.  <br\/><\/li>\n\n\n\n<li><strong>P\u00e9riode de garantie :<br\/><\/strong>La p\u00e9riode de garantie commence \u00e0 la date d&rsquo;achat. La dur\u00e9e de la p\u00e9riode de garantie varie en fonction de la cat\u00e9gorie de produit, allant g\u00e9n\u00e9ralement de un \u00e0 trois ans. Veuillez vous r\u00e9f\u00e9rer \u00e0 la dur\u00e9e de la garantie sp\u00e9cifique fournie avec votre produit.  <br\/><\/li>\n\n\n\n<li><strong>Service de garantie : <\/strong><br\/>Si votre produit pr\u00e9sente un dysfonctionnement ou ne fonctionne pas comme pr\u00e9vu, vous pouvez b\u00e9n\u00e9ficier d&rsquo;un remplacement ou d&rsquo;une r\u00e9paration gratuite pendant la p\u00e9riode de garantie. Pour obtenir un service dans le cadre de cette garantie, vous devez contacter l&rsquo;endroit o\u00f9 le produit a \u00e9t\u00e9 achet\u00e9 et fournir les informations suivantes : <br\/><\/li>\n<\/ol>\n\n<ul class=\"wp-block-list\">\n<li><strong>Preuve d&rsquo;achat : <\/strong>Une preuve d&rsquo;achat valide est requise, telle qu&rsquo;un re\u00e7u ou un num\u00e9ro de commande d&rsquo;un d\u00e9taillant autoris\u00e9.<\/li>\n\n\n\n<li><strong>Preuve photo\/vid\u00e9o : <\/strong>Fournissez des photos ou des vid\u00e9os claires du produit d\u00e9fectueux, montrant clairement le d\u00e9faut ou le probl\u00e8me.<\/li>\n\n\n\n<li><strong>Description du probl\u00e8me :<\/strong> Indiquez en d\u00e9tail le probl\u00e8me que vous rencontrez avec le produit.<br\/><\/li>\n<\/ul>\n\n<p><strong>Exclusions<\/strong>:<br\/>Cette garantie ne couvre pas les dommages ou les dysfonctionnements r\u00e9sultant de :<\/p>\n\n<ul class=\"wp-block-list\">\n<li>N\u00e9gligence ou mauvaise utilisation<\/li>\n\n\n\n<li>Usure normale<\/li>\n\n\n\n<li>Non-respect des instructions relatives au produit<\/li>\n\n\n\n<li>R\u00e9parations ou modifications non autoris\u00e9es<\/li>\n\n\n\n<li>Accidents, tels que la chute du produit<\/li>\n\n\n\n<li>Utilisation du produit en dehors de l&rsquo;usage pr\u00e9vu<\/li>\n<\/ul>\n\n<p><strong>R\u00e9clamations au titre de la garantie :<br\/><\/strong>Pour faire une r\u00e9clamation au titre de la garantie, veuillez suivre les \u00e9tapes suivantes :<\/p>\n\n<ol class=\"wp-block-list\">\n<li><strong>Contactez le lieu d&rsquo;achat :<\/strong> Contactez le d\u00e9taillant ou le distributeur o\u00f9 vous avez achet\u00e9 le produit.<\/li>\n\n\n\n<li><strong>Fournissez les informations requises :<\/strong> Soumettez votre preuve d&rsquo;achat, une photo\/vid\u00e9o et une description d\u00e9taill\u00e9e du probl\u00e8me.<\/li>\n\n\n\n<li><strong>Attendez la r\u00e9ponse :<\/strong> Le d\u00e9taillant ou le distributeur \u00e9valuera les informations fournies et d\u00e9terminera la solution appropri\u00e9e, qui peut inclure la r\u00e9paration ou le remplacement.<br\/><\/li>\n<\/ol>\n\n<p><strong>Limitations :<\/strong><strong> <br\/> Cette garantie limit\u00e9e est le recours exclusif offert par UNIROSS et remplace toute autre garantie, expresse ou implicite. UNIROSS ne sera pas responsable des dommages accessoires ou indirects r\u00e9sultant de l&rsquo;utilisation ou de l&rsquo;impossibilit\u00e9 d&rsquo;utiliser le produit, m\u00eame si elle a \u00e9t\u00e9 inform\u00e9e de la possibilit\u00e9 de tels dommages.<\/strong> <br\/><\/p>\n\n<p><strong>Droits l\u00e9gaux :<br\/><\/strong>Cette garantie vous donne des droits l\u00e9gaux sp\u00e9cifiques, et vous pouvez \u00e9galement avoir d&rsquo;autres droits qui varient d&rsquo;un \u00e9tat \u00e0 l&rsquo;autre ou d&rsquo;un pays \u00e0 l&rsquo;autre. Certaines juridictions n&rsquo;autorisent pas les limitations sur les garanties implicites ou l&rsquo;exclusion des dommages accessoires ou indirects, de sorte que ces limitations peuvent ne pas s&rsquo;appliquer \u00e0 vous. <br\/><\/p>\n\n<p><strong>Informations de contact :<\/strong><strong> <br\/> Pour toute assistance ou question concernant cette politique de garantie, veuillez contacter le d\u00e9taillant ou le distributeur aupr\u00e8s duquel vous avez achet\u00e9 le produit. Ils sont \u00e9quip\u00e9s pour traiter les demandes de garantie et fournir l&rsquo;assistance n\u00e9cessaire.<\/strong> <\/p>\n\n<p>En veillant \u00e0 ce que vous compreniez et respectiez ces directives, nous pourrons vous fournir le meilleur service et la meilleure assistance possibles pour vos produits UNIROSS.<\/p>\n\n<p>Merci d&rsquo;avoir choisi UNIROSS.<\/p>\n","protected":false},"excerpt":{"rendered":"<p>UNIROSS ne vend pas directement aux consommateurs finaux. Nous distribuons nos produits par l&rsquo;interm\u00e9diaire de d\u00e9taillants et de distributeurs agr\u00e9\u00e9s. Pour obtenir un service sous garantie, les clients doivent contacter le lieu o\u00f9 le produit a \u00e9t\u00e9 achet\u00e9. Qu&rsquo;il s&rsquo;agisse d&rsquo;un magasin de d\u00e9tail, d&rsquo;une place de march\u00e9 en ligne ou d&rsquo;un autre vendeur autoris\u00e9, [&hellip;]<\/p>\n","protected":false},"author":1,"featured_media":0,"parent":0,"menu_order":0,"comment_status":"closed","ping_status":"closed","template":"","meta":{"footnotes":""},"class_list":["post-5407","page","type-page","status-publish","hentry"],"meta_box":[],"_links":{"self":[{"href":"https:\/\/uniross.com\/fr\/wp-json\/wp\/v2\/pages\/5407","targetHints":{"allow":["GET"]}}],"collection":[{"href":"https:\/\/uniross.com\/fr\/wp-json\/wp\/v2\/pages"}],"about":[{"href":"https:\/\/uniross.com\/fr\/wp-json\/wp\/v2\/types\/page"}],"author":[{"embeddable":true,"href":"https:\/\/uniross.com\/fr\/wp-json\/wp\/v2\/users\/1"}],"replies":[{"embeddable":true,"href":"https:\/\/uniross.com\/fr\/wp-json\/wp\/v2\/comments?post=5407"}],"version-history":[{"count":1,"href":"https:\/\/uniross.com\/fr\/wp-json\/wp\/v2\/pages\/5407\/revisions"}],"predecessor-version":[{"id":5408,"href":"https:\/\/uniross.com\/fr\/wp-json\/wp\/v2\/pages\/5407\/revisions\/5408"}],"wp:attachment":[{"href":"https:\/\/uniross.com\/fr\/wp-json\/wp\/v2\/media?parent=5407"}],"curies":[{"name":"wp","href":"https:\/\/api.w.org\/{rel}","templated":true}]}}