{"id":5389,"date":"2024-09-20T07:57:00","date_gmt":"2024-09-19T23:57:00","guid":{"rendered":"https:\/\/uniross.com\/politique-de-confidentialite\/"},"modified":"2026-02-12T15:13:01","modified_gmt":"2026-02-12T07:13:01","slug":"politique-de-confidentialite","status":"publish","type":"page","link":"https:\/\/uniross.com\/fr\/politique-de-confidentialite\/","title":{"rendered":"Politique de confidentialit\u00e9"},"content":{"rendered":"\n<div class=\"wp-block-group is-layout-constrained wp-block-group-is-layout-constrained\">\n<p><strong>Derni\u00e8re mise \u00e0 jour :<\/strong><\/p>\n\n\n<div class=\"wp-block-post-date\"><time datetime=\"2024-09-20T07:57:00+08:00\">20 septembre 2024<\/time><\/div><\/div>\n\n<p>La pr\u00e9sente politique de confidentialit\u00e9 d\u00e9crit la mani\u00e8re dont Uniross (\u00ab\u00a0Site\u00a0\u00bb, \u00ab\u00a0nous\u00a0\u00bb, \u00ab\u00a0notre\u00a0\u00bb ou \u00ab\u00a0nos\u00a0\u00bb) recueille, utilise et divulgue vos informations personnelles lorsque vous visitez, utilisez nos services, envoyez des devis, fixez des rendez-vous ou communiquez avec nous par l&rsquo;interm\u00e9diaire de https:\/\/uniross.com\/ (le \u00ab\u00a0Site\u00a0\u00bb) ou d&rsquo;une autre mani\u00e8re (collectivement, les \u00ab\u00a0Services\u00a0\u00bb). Aux fins de la pr\u00e9sente politique de confidentialit\u00e9, \u00ab\u00a0vous\u00a0\u00bb et \u00ab\u00a0votre\u00a0\u00bb signifient que vous \u00eates l&rsquo;utilisateur des services, que vous soyez un client potentiel, un visiteur du site web ou une autre personne dont nous avons recueilli les informations conform\u00e9ment \u00e0 la pr\u00e9sente politique de confidentialit\u00e9. <\/p>\n\n<p>Veuillez lire attentivement la pr\u00e9sente politique de confidentialit\u00e9. En utilisant et en acc\u00e9dant \u00e0 l&rsquo;un des services, vous acceptez la collecte, l&rsquo;utilisation et la divulgation de vos informations telles que d\u00e9crites dans la pr\u00e9sente politique de protection de la vie priv\u00e9e. Si vous n&rsquo;acceptez pas cette politique de confidentialit\u00e9, veuillez ne pas utiliser les services ni y acc\u00e9der.  <\/p>\n\n<h5 class=\"wp-block-heading\"><strong>Modifications de la pr\u00e9sente politique de confidentialit\u00e9<\/strong><\/h5>\n\n<p>Nous pouvons mettre \u00e0 jour la pr\u00e9sente politique de confidentialit\u00e9 de temps \u00e0 autre, notamment pour refl\u00e9ter les changements apport\u00e9s \u00e0 nos pratiques ou pour d&rsquo;autres raisons op\u00e9rationnelles, juridiques ou r\u00e9glementaires. Nous publierons la version r\u00e9vis\u00e9e de la politique de confidentialit\u00e9 sur le site, mettrons \u00e0 jour la date de \u00ab\u00a0derni\u00e8re mise \u00e0 jour\u00a0\u00bb et prendrons toute autre mesure requise par la l\u00e9gislation applicable. <\/p>\n\n<h5 class=\"wp-block-heading\"><strong>Comment nous collectons et utilisons vos informations personnelles<\/strong><\/h5>\n\n<p>Pour fournir les services, nous collectons et avons collect\u00e9 au cours des 12 derniers mois des informations personnelles vous concernant \u00e0 partir de diverses sources, comme indiqu\u00e9 ci-dessous. Les informations que nous collectons et utilisons varient en fonction de la mani\u00e8re dont vous interagissez avec nous. <\/p>\n\n<p>Outre les utilisations sp\u00e9cifiques d\u00e9crites ci-dessous, nous pouvons utiliser les informations que nous recueillons \u00e0 votre sujet pour communiquer avec vous, fournir les services, nous conformer \u00e0 toute obligation l\u00e9gale applicable, appliquer les conditions de service applicables et prot\u00e9ger ou d\u00e9fendre les services, nos droits et les droits de nos utilisateurs ou d&rsquo;autres personnes.<\/p>\n\n<h5 class=\"wp-block-heading\"><strong>Quelles sont les informations personnelles que nous recueillons ?<\/strong><\/h5>\n\n<p>Les types d&rsquo;informations personnelles que nous obtenons \u00e0 votre sujet d\u00e9pendent de la mani\u00e8re dont vous interagissez avec notre site et utilisez nos services. Lorsque nous utilisons le terme \u00ab\u00a0informations personnelles\u00a0\u00bb, nous faisons r\u00e9f\u00e9rence aux informations qui vous identifient, vous concernent, vous d\u00e9crivent ou peuvent \u00eatre associ\u00e9es \u00e0 vous. Les sections suivantes d\u00e9crivent les cat\u00e9gories et les types sp\u00e9cifiques d&rsquo;informations personnelles que nous collectons.  <\/p>\n\n<h5 class=\"wp-block-heading\"><strong>Informations que nous recueillons directement aupr\u00e8s de vous<\/strong><\/h5>\n\n<p>Les informations que vous nous soumettez directement par l&rsquo;interm\u00e9diaire de nos services peuvent inclure :<\/p>\n\n<p>&#8211; Coordonn\u00e9es de base : nom, adresse, num\u00e9ro de t\u00e9l\u00e9phone, adresse \u00e9lectronique.<\/p>\n\n<p>&#8211; Demande d&rsquo;informations, y compris les d\u00e9tails relatifs \u00e0 vos demandes de produits, de devis et de rendez-vous.<\/p>\n\n<p>&#8211; Informations relatives \u00e0 l&rsquo;assistance \u00e0 la client\u00e8le, y compris les informations que vous choisissez d&rsquo;inclure dans les communications avec nous, par exemple lorsque vous envoyez un message par le biais du formulaire de contact.<\/p>\n\n<h5 class=\"wp-block-heading\"><strong>Informations collect\u00e9es par le biais de cookies<\/strong><\/h5>\n\n<p>Nous recueillons aussi automatiquement certaines informations sur votre interaction avec les services (\u00ab\u00a0donn\u00e9es d&rsquo;utilisation\u00a0\u00bb). Pour ce faire, nous pouvons utiliser des cookies, des pixels et des technologies similaires (\u00ab\u00a0Cookies\u00a0\u00bb). Les donn\u00e9es d&rsquo;utilisation peuvent inclure des informations sur la mani\u00e8re dont vous acc\u00e9dez et utilisez notre site et votre compte, y compris des informations sur votre appareil, votre navigateur, votre connexion r\u00e9seau, votre adresse IP et d&rsquo;autres informations concernant votre interaction avec les services.  <\/p>\n\n<h5 class=\"wp-block-heading\"><strong>Informations obtenues aupr\u00e8s de tiers<\/strong><\/h5>\n\n<p>Nous pouvons obtenir des informations vous concernant aupr\u00e8s de tiers, y compris des vendeurs et des prestataires de services qui peuvent collecter des informations en notre nom, comme par exemple :<\/p>\n\n<p>&#8211; Les entreprises qui soutiennent notre site et nos services (par exemple, les fournisseurs de services d&rsquo;analyse).<\/p>\n\n<p>&#8211; Lorsque vous visitez notre site, ouvrez ou cliquez sur les courriels que nous vous envoyons ou interagissez avec nos services ou nos publicit\u00e9s, nous ou les tiers avec lesquels nous travaillons pouvons collecter automatiquement certaines informations \u00e0 l&rsquo;aide de technologies de suivi en ligne telles que les pixels, les balises web, les kits de d\u00e9veloppement de logiciels, les biblioth\u00e8ques de tiers et les cookies.<\/p>\n\n<p>Toute information que nous obtenons de tiers sera trait\u00e9e conform\u00e9ment \u00e0 la pr\u00e9sente politique de protection de la vie priv\u00e9e. Nous ne sommes pas responsables de l&rsquo;exactitude des informations qui nous sont fournies par des tiers et nous ne sommes pas responsables des politiques ou des pratiques de ces tiers. Pour plus d&rsquo;informations, consultez la section ci-dessous, **Sites web de tiers et liens**.  <\/p>\n\n<h5 class=\"wp-block-heading\"><strong>Comment nous utilisons vos informations personnelles<\/strong><\/h5>\n\n<p>&#8211; Fourniture de produits et de services. Nous utilisons vos informations personnelles pour vous fournir les services, notamment pour r\u00e9pondre aux demandes de devis, fixer des rendez-vous, faciliter la communication avec vous et r\u00e9pondre aux questions pos\u00e9es par l&rsquo;interm\u00e9diaire de notre formulaire de contact. <\/p>\n\n<p>&#8211; Marketing et publicit\u00e9. Nous utilisons vos informations personnelles \u00e0 des fins de marketing et de promotion, notamment pour envoyer des communications marketing, publicitaires et promotionnelles par courrier \u00e9lectronique, SMS ou courrier postal. Cela peut inclure l&rsquo;utilisation de vos informations personnelles pour mieux adapter les services et la publicit\u00e9 sur notre site et d&rsquo;autres sites web.  <\/p>\n\n<p>&#8211; S\u00e9curit\u00e9 et pr\u00e9vention de la fraude. Nous utilisons vos informations personnelles pour d\u00e9tecter, enqu\u00eater ou prendre des mesures concernant d&rsquo;\u00e9ventuelles activit\u00e9s frauduleuses, ill\u00e9gales ou malveillantes. <\/p>\n\n<p>&#8211; Communiquer avec vous. Nous utilisons vos informations personnelles pour vous fournir une assistance \u00e0 la client\u00e8le et am\u00e9liorer nos services. <\/p>\n\n<h5 class=\"wp-block-heading\"><strong>Cookies<\/strong><\/h5>\n\n<p>Comme de nombreux sites web, nous utilisons des cookies sur notre site. Vous trouverez des informations sp\u00e9cifiques sur les cookies que nous utilisons pour alimenter notre site. Nous utilisons des cookies pour am\u00e9liorer notre site et nos services (y compris pour m\u00e9moriser vos actions et vos pr\u00e9f\u00e9rences), pour effectuer des analyses et pour mieux comprendre l&rsquo;interaction des utilisateurs avec les services. Nous pouvons \u00e9galement autoriser des tiers et des fournisseurs de services \u00e0 utiliser des cookies sur notre site afin de mieux adapter les services, les produits et la publicit\u00e9 sur notre site et d&rsquo;autres sites web.   <\/p>\n\n<p>La plupart des navigateurs acceptent automatiquement les cookies par d\u00e9faut, mais vous pouvez choisir de configurer votre navigateur pour qu&rsquo;il supprime ou rejette les cookies par le biais de ses commandes. Le blocage des cookies peut avoir un impact n\u00e9gatif sur votre exp\u00e9rience d&rsquo;utilisateur et entra\u00eener un fonctionnement incorrect de certains services. <\/p>\n","protected":false},"excerpt":{"rendered":"<p>Derni\u00e8re mise \u00e0 jour : La pr\u00e9sente politique de confidentialit\u00e9 d\u00e9crit la mani\u00e8re dont Uniross (\u00ab\u00a0Site\u00a0\u00bb, \u00ab\u00a0nous\u00a0\u00bb, \u00ab\u00a0notre\u00a0\u00bb ou \u00ab\u00a0nos\u00a0\u00bb) recueille, utilise et divulgue vos informations personnelles lorsque vous visitez, utilisez nos services, envoyez des devis, fixez des rendez-vous ou communiquez avec nous par l&rsquo;interm\u00e9diaire de https:\/\/uniross.com\/ (le \u00ab\u00a0Site\u00a0\u00bb) ou d&rsquo;une autre mani\u00e8re (collectivement, les [&hellip;]<\/p>\n","protected":false},"author":1,"featured_media":0,"parent":0,"menu_order":0,"comment_status":"closed","ping_status":"closed","template":"","meta":{"footnotes":""},"class_list":["post-5389","page","type-page","status-publish","hentry"],"meta_box":[],"_links":{"self":[{"href":"https:\/\/uniross.com\/fr\/wp-json\/wp\/v2\/pages\/5389","targetHints":{"allow":["GET"]}}],"collection":[{"href":"https:\/\/uniross.com\/fr\/wp-json\/wp\/v2\/pages"}],"about":[{"href":"https:\/\/uniross.com\/fr\/wp-json\/wp\/v2\/types\/page"}],"author":[{"embeddable":true,"href":"https:\/\/uniross.com\/fr\/wp-json\/wp\/v2\/users\/1"}],"replies":[{"embeddable":true,"href":"https:\/\/uniross.com\/fr\/wp-json\/wp\/v2\/comments?post=5389"}],"version-history":[{"count":1,"href":"https:\/\/uniross.com\/fr\/wp-json\/wp\/v2\/pages\/5389\/revisions"}],"predecessor-version":[{"id":5402,"href":"https:\/\/uniross.com\/fr\/wp-json\/wp\/v2\/pages\/5389\/revisions\/5402"}],"wp:attachment":[{"href":"https:\/\/uniross.com\/fr\/wp-json\/wp\/v2\/media?parent=5389"}],"curies":[{"name":"wp","href":"https:\/\/api.w.org\/{rel}","templated":true}]}}